{"id":447,"date":"2017-02-13T03:48:37","date_gmt":"2017-02-13T03:48:37","guid":{"rendered":"http:\/\/www.urion.com.ar\/ti17\/?page_id=447"},"modified":"2022-12-09T12:21:09","modified_gmt":"2022-12-09T15:21:09","slug":"servicio-ii","status":"publish","type":"page","link":"https:\/\/www.tusidolos.com\/?page_id=447","title":{"rendered":"Contrataci\u00f3n de deportistas"},"content":{"rendered":"<p>Trabajamos con las figuras m\u00e1s importantes para su participaci\u00f3n en eventos empresariales y gubernamentales y en campa\u00f1as publicitarias.<\/p>\n<p><!--more--><\/p>\n<p><strong>Para consultas, pod\u00e9s llamar al 11 2133 8671 o escribirnos por mensaje de WhatsApp al 11 3446 8080<\/strong><\/p>\n<p><span style=\"color: #ffcc00;\"><strong>CHARLAS DE MOTIVACION, LIDERAZGO Y TRABAJO EN EQUIP<\/strong><\/span><\/p>\n<p>Jorge Sampaoli<br \/>\nGustavo Quinteros<br \/>\nJuan Antonio Pizzi<br \/>\n<a href=\"https:\/\/www.youtube.com\/watch?v=SzwGJzY--c0\" target=\"_blank\" rel=\"noopener noreferrer\">Mart\u00edn Palermo<br \/>\n<\/a>Chicho Serna<br \/>\nSebasti\u00e1n Battaglia<br \/>\nRoberto Mouzo<br \/>\nEnzo Francescoli<br \/>\nOscar Ruggeri<br \/>\nBambino Veira<br \/>\nRicardo Caruso Lombardi<br \/>\n<a href=\"https:\/\/www.youtube.com\/watch?v=PLF0smJftVo\" target=\"_blank\" rel=\"noopener noreferrer\">Julio Lamas<\/a><br \/>\nJavier Weber<br \/>\n<a href=\"https:\/\/www.youtube.com\/watch?v=W1XQA-CKz6U\" target=\"_blank\" rel=\"noopener noreferrer\">Cachito Vigil<br \/>\n<\/a>Guillermo Vilas<br \/>\nLos Pumas<br \/>\nLas Leonas<br \/>\nMarcos Di Palma<br \/>\nEsteban Tuero<br \/>\nJos\u00e9 Meolans<br \/>\nCarlos Gats<\/p>\n<p><span style=\"color: #ffcc00;\"><strong>LAS CLINICAS<\/strong><\/span><\/p>\n<p>Ex jugadores de Boca y de River.<br \/>\nGlorias del f\u00fatbol argentino.<br \/>\nArqueros con el Pato Fillol.<br \/>\n<a href=\"https:\/\/www.youtube.com\/watch?v=P39iaqPdrUw\" target=\"_blank\" rel=\"noopener noreferrer\">Arqueros con Navarro Montoya<\/a><br \/>\nArqueros y penales con Goycochea.<br \/>\nB\u00e1squet con Julio Lamas.<br \/>\nCarla Rebecchi y Jorge Lombi<br \/>\nKarting y conducci\u00f3n responsable con Marcos Di Palma<br \/>\nHockey con Las Leonas.<br \/>\nRugby con Los Pumas.<br \/>\nNataci\u00f3n con Jos\u00e9 Meolans.<br \/>\nAtletismo con Carlos Gats.<\/p>\n<p><span style=\"color: #ffcc00;\"><strong>CONDUCCION DE EVENTOS<\/strong><\/span><\/p>\n<p>Gonzalo Bonadeo<br \/>\nAlejandro Fantino<br \/>\nJuan Pablo Varsky<br \/>\nSebasti\u00e1n Vignolo<br \/>\nRifle Varela<br \/>\nOsvaldo Pr\u00edncipi<br \/>\nSergio Lapeg\u00fce<br \/>\nJuanky Jurado<br \/>\nSergio Goycochea<\/p>\n","protected":false},"excerpt":{"rendered":"<p>Trabajamos con las figuras m\u00e1s importantes para su participaci\u00f3n en eventos empresariales y gubernamentales y en campa\u00f1as publicitarias.<\/p>\n","protected":false},"author":1,"featured_media":542,"parent":0,"menu_order":0,"comment_status":"closed","ping_status":"closed","template":"","meta":{"footnotes":""},"class_list":["post-447","page","type-page","status-publish","has-post-thumbnail","hentry"],"aioseo_notices":[],"_links":{"self":[{"href":"https:\/\/www.tusidolos.com\/index.php?rest_route=\/wp\/v2\/pages\/447","targetHints":{"allow":["GET"]}}],"collection":[{"href":"https:\/\/www.tusidolos.com\/index.php?rest_route=\/wp\/v2\/pages"}],"about":[{"href":"https:\/\/www.tusidolos.com\/index.php?rest_route=\/wp\/v2\/types\/page"}],"author":[{"embeddable":true,"href":"https:\/\/www.tusidolos.com\/index.php?rest_route=\/wp\/v2\/users\/1"}],"replies":[{"embeddable":true,"href":"https:\/\/www.tusidolos.com\/index.php?rest_route=%2Fwp%2Fv2%2Fcomments&post=447"}],"version-history":[{"count":14,"href":"https:\/\/www.tusidolos.com\/index.php?rest_route=\/wp\/v2\/pages\/447\/revisions"}],"predecessor-version":[{"id":1430,"href":"https:\/\/www.tusidolos.com\/index.php?rest_route=\/wp\/v2\/pages\/447\/revisions\/1430"}],"wp:featuredmedia":[{"embeddable":true,"href":"https:\/\/www.tusidolos.com\/index.php?rest_route=\/wp\/v2\/media\/542"}],"wp:attachment":[{"href":"https:\/\/www.tusidolos.com\/index.php?rest_route=%2Fwp%2Fv2%2Fmedia&parent=447"}],"curies":[{"name":"wp","href":"https:\/\/api.w.org\/{rel}","templated":true}]}}