{"id":449,"date":"2017-02-13T03:49:09","date_gmt":"2017-02-13T03:49:09","guid":{"rendered":"http:\/\/www.urion.com.ar\/ti17\/?page_id=449"},"modified":"2022-12-09T12:21:49","modified_gmt":"2022-12-09T15:21:49","slug":"servicio-iii","status":"publish","type":"page","link":"https:\/\/www.tusidolos.com\/?page_id=449","title":{"rendered":"Comunicaci\u00f3n y medios"},"content":{"rendered":"<p>Con nuestras ideas generamos coberturas period\u00edstica de eventos. Tambi\u00e9n pautas publicitarias y PNT en los principales diarios, canales de TV y radios. Carteler\u00eda en v\u00eda p\u00fablica.<br \/>\n<!--more--><\/p>\n<p><strong>Para consultas, pod\u00e9s llamar al 11 2133 8671 o escribirnos por mensaje de WhatsApp al 11 3446 8080<\/strong><\/p>\n<p>Tus Idolos est\u00e1 formada por un equipo de profesionales del periodismo y del marketing, especialistas en la comunicaci\u00f3n de los eventos, en entender qu\u00e9 entienden los medios como noticia y, en funci\u00f3n de eso, se genera una acci\u00f3n que se gana por s\u00ed sola espacios en los distintos canales de difusi\u00f3n. Tambi\u00e9n contamos con tarifas preferenciales en pautas publicitarias, suplementos en diarios, PNT y carteler\u00eda.<\/p>\n<figure id=\"attachment_682\" aria-describedby=\"caption-attachment-682\" style=\"width: 736px\" class=\"wp-caption alignnone\"><img loading=\"lazy\" decoding=\"async\" class=\"wp-image-682\" src=\"http:\/\/www.urion.com.ar\/ti17\/wp-content\/uploads\/2017\/02\/pep-gente-300x198.png\" width=\"736\" height=\"486\" srcset=\"https:\/\/www.tusidolos.com\/wp-content\/uploads\/2017\/02\/pep-gente-300x198.png 300w, https:\/\/www.tusidolos.com\/wp-content\/uploads\/2017\/02\/pep-gente-768x506.png 768w, https:\/\/www.tusidolos.com\/wp-content\/uploads\/2017\/02\/pep-gente.png 840w\" sizes=\"auto, (max-width: 736px) 100vw, 736px\" \/><figcaption id=\"caption-attachment-682\" class=\"wp-caption-text\">La cobertura de la revista Gente a la presentaci\u00f3n de Guardiola en el Gran Rex, la tapa del diario Ol\u00e9 y un suplemento especial que sali\u00f3 durante esa semana junto con el diario. Tambi\u00e9n el estudio del programa Fox Sports Radio se mud\u00f3 a la Bombonera para salir desde\u00a0la Expo Boca.<\/figcaption><\/figure>\n<p><img loading=\"lazy\" decoding=\"async\" class=\"alignnone size-medium wp-image-684\" src=\"http:\/\/www.urion.com.ar\/ti17\/wp-content\/uploads\/2017\/02\/3361-229x300.png\" alt=\"\" width=\"229\" height=\"300\" srcset=\"https:\/\/www.tusidolos.com\/wp-content\/uploads\/2017\/02\/3361-229x300.png 229w, https:\/\/www.tusidolos.com\/wp-content\/uploads\/2017\/02\/3361.png 329w\" sizes=\"auto, (max-width: 229px) 100vw, 229px\" \/> <img loading=\"lazy\" decoding=\"async\" class=\"alignnone wp-image-685\" src=\"http:\/\/www.urion.com.ar\/ti17\/wp-content\/uploads\/2017\/02\/fox-300x151.png\" alt=\"\" width=\"340\" height=\"171\" srcset=\"https:\/\/www.tusidolos.com\/wp-content\/uploads\/2017\/02\/fox-300x151.png 300w, https:\/\/www.tusidolos.com\/wp-content\/uploads\/2017\/02\/fox.png 629w\" sizes=\"auto, (max-width: 340px) 100vw, 340px\" \/><\/p>\n<p><iframe loading=\"lazy\" src=\"https:\/\/www.youtube.com\/embed\/IKfPXWS0bYs\" width=\"853\" height=\"480\" frameborder=\"0\" allowfullscreen=\"allowfullscreen\"><\/iframe><\/p>\n","protected":false},"excerpt":{"rendered":"<p>Con nuestras ideas generamos coberturas period\u00edstica de eventos. Tambi\u00e9n pautas publicitarias y PNT en los principales diarios, canales de TV y radios. Carteler\u00eda en v\u00eda p\u00fablica.<\/p>\n","protected":false},"author":1,"featured_media":541,"parent":0,"menu_order":0,"comment_status":"closed","ping_status":"closed","template":"","meta":{"footnotes":""},"class_list":["post-449","page","type-page","status-publish","has-post-thumbnail","hentry"],"aioseo_notices":[],"_links":{"self":[{"href":"https:\/\/www.tusidolos.com\/index.php?rest_route=\/wp\/v2\/pages\/449","targetHints":{"allow":["GET"]}}],"collection":[{"href":"https:\/\/www.tusidolos.com\/index.php?rest_route=\/wp\/v2\/pages"}],"about":[{"href":"https:\/\/www.tusidolos.com\/index.php?rest_route=\/wp\/v2\/types\/page"}],"author":[{"embeddable":true,"href":"https:\/\/www.tusidolos.com\/index.php?rest_route=\/wp\/v2\/users\/1"}],"replies":[{"embeddable":true,"href":"https:\/\/www.tusidolos.com\/index.php?rest_route=%2Fwp%2Fv2%2Fcomments&post=449"}],"version-history":[{"count":10,"href":"https:\/\/www.tusidolos.com\/index.php?rest_route=\/wp\/v2\/pages\/449\/revisions"}],"predecessor-version":[{"id":1431,"href":"https:\/\/www.tusidolos.com\/index.php?rest_route=\/wp\/v2\/pages\/449\/revisions\/1431"}],"wp:featuredmedia":[{"embeddable":true,"href":"https:\/\/www.tusidolos.com\/index.php?rest_route=\/wp\/v2\/media\/541"}],"wp:attachment":[{"href":"https:\/\/www.tusidolos.com\/index.php?rest_route=%2Fwp%2Fv2%2Fmedia&parent=449"}],"curies":[{"name":"wp","href":"https:\/\/api.w.org\/{rel}","templated":true}]}}