{"id":495,"date":"2017-02-13T17:22:35","date_gmt":"2017-02-13T17:22:35","guid":{"rendered":"http:\/\/www.urion.com.ar\/ti17\/?page_id=495"},"modified":"2019-04-08T12:02:47","modified_gmt":"2019-04-08T15:02:47","slug":"ricardo-caruso-lombardi","status":"publish","type":"page","link":"https:\/\/www.tusidolos.com\/?page_id=495","title":{"rendered":"Caruso Lombardi"},"content":{"rendered":"<p><iframe loading=\"lazy\" title=\"Caruso Motivador Orgullo Fosforero 2017\" width=\"750\" height=\"422\" src=\"https:\/\/www.youtube.com\/embed\/T7FpWUnjpQE?feature=oembed\" frameborder=\"0\" allow=\"accelerometer; autoplay; clipboard-write; encrypted-media; gyroscope; picture-in-picture; web-share\" referrerpolicy=\"strict-origin-when-cross-origin\" allowfullscreen><\/iframe><\/p>\n<p style=\"font-weight: 400;\">Es uno de los entrenadores m\u00e1s populares y pol\u00e9micos del pa\u00eds. Se inici\u00f3 como t\u00e9cnico en el f\u00fatbol de ascenso y despu\u00e9s se hizo especialista en salvar equipos del descenso. Hoy se asent\u00f3 en Primera Divisi\u00f3n y hasta encabez\u00f3 encuestas para dirigir\u00a0la Selecci\u00f3n\u00a0Argentina.<\/p>\n<p style=\"font-weight: 400;\">Por su carisma y su frontalidad, se convirti\u00f3 en un personaje medi\u00e1tico y de consulta permanente. Las empresas lo buscan para dar charlas motivacionales, liderazgo y trabajo en equipo. Pepsi, Knorr, Compa\u00f1\u00eda Argentina de F\u00f3sforos y Axion son algunas de las marcas que confiaron en \u00e9l.<\/p>\n<p><iframe loading=\"lazy\" title=\"Segunda charla de Caruso para Knorr, una empresa de Unilever\" width=\"750\" height=\"422\" src=\"https:\/\/www.youtube.com\/embed\/3BTnGSHbsjI?feature=oembed\" frameborder=\"0\" allow=\"accelerometer; autoplay; clipboard-write; encrypted-media; gyroscope; picture-in-picture; web-share\" referrerpolicy=\"strict-origin-when-cross-origin\" allowfullscreen><\/iframe><\/p>\n<p><iframe loading=\"lazy\" title=\"Backstage de los videos motivacionales de Caruso para Knorr\" width=\"750\" height=\"422\" src=\"https:\/\/www.youtube.com\/embed\/5O8IGS_3s8I?feature=oembed\" frameborder=\"0\" allow=\"accelerometer; autoplay; clipboard-write; encrypted-media; gyroscope; picture-in-picture; web-share\" referrerpolicy=\"strict-origin-when-cross-origin\" allowfullscreen><\/iframe><\/p>\n<div id=\"fb-root\"><\/div>\n<p><script async=\"1\" defer=\"1\" crossorigin=\"anonymous\" src=\"https:\/\/connect.facebook.net\/en_US\/sdk.js#xfbml=1&amp;version=v3.2\"><\/script><\/p>\n<div class=\"fb-post\" data-href=\"https:\/\/www.facebook.com\/media\/set\/?set=a.2548759065142023&amp;type=3\" data-width=\"750\">\n<blockquote cite=\"https:\/\/www.facebook.com\/media\/set\/?set=a.2548759065142023&amp;type=3\" class=\"fb-xfbml-parse-ignore\">\n<p>Ricardo Caruso Lombardi, Blas Giunta, Bambino Veira y Guillermo Coppola participaron de un evento de Axion en el complejo xeneize.<\/p>\n<p>Posted by <a href=\"https:\/\/www.facebook.com\/tusidolos10\/\">Tus Idolos<\/a> on&nbsp;<a href=\"https:\/\/www.facebook.com\/media\/set\/?set=a.2548759065142023&amp;type=3\">Saturday, December 15, 2018<\/a><\/p><\/blockquote>\n<\/div>\n","protected":false},"excerpt":{"rendered":"<p>Es uno de los entrenadores m\u00e1s populares y pol\u00e9micos del pa\u00eds. Se inici\u00f3 como t\u00e9cnico en el f\u00fatbol de ascenso y despu\u00e9s se hizo especialista en salvar equipos del descenso. Hoy se asent\u00f3 en Primera Divisi\u00f3n y hasta encabez\u00f3 encuestas para dirigir\u00a0la Selecci\u00f3n\u00a0Argentina. Por su carisma y su frontalidad, se<\/p>\n","protected":false},"author":2,"featured_media":1279,"parent":447,"menu_order":0,"comment_status":"closed","ping_status":"closed","template":"","meta":{"footnotes":""},"class_list":["post-495","page","type-page","status-publish","has-post-thumbnail","hentry"],"aioseo_notices":[],"_links":{"self":[{"href":"https:\/\/www.tusidolos.com\/index.php?rest_route=\/wp\/v2\/pages\/495","targetHints":{"allow":["GET"]}}],"collection":[{"href":"https:\/\/www.tusidolos.com\/index.php?rest_route=\/wp\/v2\/pages"}],"about":[{"href":"https:\/\/www.tusidolos.com\/index.php?rest_route=\/wp\/v2\/types\/page"}],"author":[{"embeddable":true,"href":"https:\/\/www.tusidolos.com\/index.php?rest_route=\/wp\/v2\/users\/2"}],"replies":[{"embeddable":true,"href":"https:\/\/www.tusidolos.com\/index.php?rest_route=%2Fwp%2Fv2%2Fcomments&post=495"}],"version-history":[{"count":9,"href":"https:\/\/www.tusidolos.com\/index.php?rest_route=\/wp\/v2\/pages\/495\/revisions"}],"predecessor-version":[{"id":1300,"href":"https:\/\/www.tusidolos.com\/index.php?rest_route=\/wp\/v2\/pages\/495\/revisions\/1300"}],"up":[{"embeddable":true,"href":"https:\/\/www.tusidolos.com\/index.php?rest_route=\/wp\/v2\/pages\/447"}],"wp:featuredmedia":[{"embeddable":true,"href":"https:\/\/www.tusidolos.com\/index.php?rest_route=\/wp\/v2\/media\/1279"}],"wp:attachment":[{"href":"https:\/\/www.tusidolos.com\/index.php?rest_route=%2Fwp%2Fv2%2Fmedia&parent=495"}],"curies":[{"name":"wp","href":"https:\/\/api.w.org\/{rel}","templated":true}]}}