{"id":501,"date":"2017-02-13T17:37:20","date_gmt":"2017-02-13T17:37:20","guid":{"rendered":"http:\/\/www.urion.com.ar\/ti17\/?page_id=501"},"modified":"2019-04-08T11:55:12","modified_gmt":"2019-04-08T14:55:12","slug":"camisetas-autografiadas","status":"publish","type":"page","link":"https:\/\/www.tusidolos.com\/?page_id=501","title":{"rendered":"Camisetas autografiadas por tus \u00eddolos"},"content":{"rendered":"<p>Con las firmas y dedicatoria de tus \u00eddolos. Boca, River, Racing, Independiente, San Lorenzo, Las Leonas, los Pumas, la selecci\u00f3n de b\u00e1squet y de v\u00f3ley.<\/p>\n<div id='gallery-1' class='gallery galleryid-501 gallery-columns-3 gallery-size-medium'><figure class='gallery-item'>\n\t\t\t<div class='gallery-icon portrait'>\n\t\t\t\t<a href='https:\/\/www.tusidolos.com\/?attachment_id=1297'><img loading=\"lazy\" decoding=\"async\" width=\"169\" height=\"300\" src=\"https:\/\/www.tusidolos.com\/wp-content\/uploads\/2019\/04\/IMG_20181114_122818-169x300.jpg\" class=\"attachment-medium size-medium\" alt=\"\" srcset=\"https:\/\/www.tusidolos.com\/wp-content\/uploads\/2019\/04\/IMG_20181114_122818-169x300.jpg 169w, https:\/\/www.tusidolos.com\/wp-content\/uploads\/2019\/04\/IMG_20181114_122818-768x1365.jpg 768w, https:\/\/www.tusidolos.com\/wp-content\/uploads\/2019\/04\/IMG_20181114_122818-576x1024.jpg 576w\" sizes=\"auto, (max-width: 169px) 100vw, 169px\" \/><\/a>\n\t\t\t<\/div><\/figure><figure class='gallery-item'>\n\t\t\t<div class='gallery-icon portrait'>\n\t\t\t\t<a href='https:\/\/www.tusidolos.com\/?attachment_id=1295'><img loading=\"lazy\" decoding=\"async\" width=\"225\" height=\"300\" src=\"https:\/\/www.tusidolos.com\/wp-content\/uploads\/2019\/04\/IMG-20180911-WA0013-225x300.jpg\" class=\"attachment-medium size-medium\" alt=\"\" srcset=\"https:\/\/www.tusidolos.com\/wp-content\/uploads\/2019\/04\/IMG-20180911-WA0013-225x300.jpg 225w, https:\/\/www.tusidolos.com\/wp-content\/uploads\/2019\/04\/IMG-20180911-WA0013-768x1024.jpg 768w, https:\/\/www.tusidolos.com\/wp-content\/uploads\/2019\/04\/IMG-20180911-WA0013.jpg 960w\" sizes=\"auto, (max-width: 225px) 100vw, 225px\" \/><\/a>\n\t\t\t<\/div><\/figure>\n\t\t<\/div>\n\n<p>&nbsp;<\/p>\n","protected":false},"excerpt":{"rendered":"<p>Con las firmas y dedicatoria de tus \u00eddolos. Boca, River, Racing, Independiente, San Lorenzo, Las Leonas, los Pumas, la selecci\u00f3n de b\u00e1squet y de v\u00f3ley. &nbsp;<\/p>\n","protected":false},"author":2,"featured_media":816,"parent":0,"menu_order":0,"comment_status":"closed","ping_status":"closed","template":"","meta":{"footnotes":""},"class_list":["post-501","page","type-page","status-publish","has-post-thumbnail","hentry"],"aioseo_notices":[],"_links":{"self":[{"href":"https:\/\/www.tusidolos.com\/index.php?rest_route=\/wp\/v2\/pages\/501","targetHints":{"allow":["GET"]}}],"collection":[{"href":"https:\/\/www.tusidolos.com\/index.php?rest_route=\/wp\/v2\/pages"}],"about":[{"href":"https:\/\/www.tusidolos.com\/index.php?rest_route=\/wp\/v2\/types\/page"}],"author":[{"embeddable":true,"href":"https:\/\/www.tusidolos.com\/index.php?rest_route=\/wp\/v2\/users\/2"}],"replies":[{"embeddable":true,"href":"https:\/\/www.tusidolos.com\/index.php?rest_route=%2Fwp%2Fv2%2Fcomments&post=501"}],"version-history":[{"count":3,"href":"https:\/\/www.tusidolos.com\/index.php?rest_route=\/wp\/v2\/pages\/501\/revisions"}],"predecessor-version":[{"id":1298,"href":"https:\/\/www.tusidolos.com\/index.php?rest_route=\/wp\/v2\/pages\/501\/revisions\/1298"}],"wp:featuredmedia":[{"embeddable":true,"href":"https:\/\/www.tusidolos.com\/index.php?rest_route=\/wp\/v2\/media\/816"}],"wp:attachment":[{"href":"https:\/\/www.tusidolos.com\/index.php?rest_route=%2Fwp%2Fv2%2Fmedia&parent=501"}],"curies":[{"name":"wp","href":"https:\/\/api.w.org\/{rel}","templated":true}]}}