{"id":503,"date":"2017-02-13T17:39:30","date_gmt":"2017-02-13T17:39:30","guid":{"rendered":"http:\/\/www.urion.com.ar\/ti17\/?page_id=503"},"modified":"2019-04-08T11:50:34","modified_gmt":"2019-04-08T14:50:34","slug":"videos-para-cumpleanos-y-casamientos","status":"publish","type":"page","link":"https:\/\/www.tusidolos.com\/?page_id=503","title":{"rendered":"Videos para cumplea\u00f1os y casamientos"},"content":{"rendered":"<p>Personalizados, grabados especialmente para la ocasi\u00f3n, tus \u00eddolos saludan al homenajeado y le mandan la camiseta de regalo. Los pod\u00e9s ver en <a href=\"https:\/\/www.youtube.com\/user\/tusidolos\" target=\"_blank\" rel=\"noopener\">nuestro canal de YouTube<\/a>.<\/p>\n<p><!--more--><\/p>\n<p>Mensaje de Tus Idolos preferidos en video. Saludos para cumplea\u00f1os, casamientos y otras celebraciones.<\/p>\n<p>Nuestros videos son muy personalizados, en los que los \u00eddolos le hablan directamente a la persona agasajada. Quien contrata el servicio nos cuenta detalles puntuales sobre el fanatismo y la vida de quien ser\u00e1 el centro de la celebraci\u00f3n, nosotros se lo trasladamos a los deportistas y ellos le hablan al agasajado como si lo conocieran, lo felicitan, le dan consejos y hasta recuerdan alguna an\u00e9cdota sobre el fanatismo.<\/p>\n<p>Pueden ser videos de un solo \u00eddolo o de todo un plantel. Boca, River, Racing, Independiente, San Lorenzo y todos los otros clubes. De \u00eddolos actuales y de todos los tiempos. Tambi\u00e9n de las selecciones de b\u00e1squet, v\u00f3ley, Las Leonas.<\/p>\n<p><iframe loading=\"lazy\" title=\"Saludos de los jugadores de River para cumplea\u00f1os y casamientos\" width=\"750\" height=\"422\" src=\"https:\/\/www.youtube.com\/embed\/X4-NIJrOP7s?feature=oembed\" frameborder=\"0\" allow=\"accelerometer; autoplay; clipboard-write; encrypted-media; gyroscope; picture-in-picture; web-share\" referrerpolicy=\"strict-origin-when-cross-origin\" allowfullscreen><\/iframe><\/p>\n<p>&nbsp;<\/p>\n<p><iframe loading=\"lazy\" title=\"Marcos D\u00edaz y Toranzo sorprendieron a Lihui\" width=\"750\" height=\"422\" src=\"https:\/\/www.youtube.com\/embed\/VAiP2Mx_4iY?feature=oembed\" frameborder=\"0\" allow=\"accelerometer; autoplay; clipboard-write; encrypted-media; gyroscope; picture-in-picture; web-share\" referrerpolicy=\"strict-origin-when-cross-origin\" allowfullscreen><\/iframe><\/p>\n","protected":false},"excerpt":{"rendered":"<p>Personalizados, grabados especialmente para la ocasi\u00f3n, tus \u00eddolos saludan al homenajeado y le mandan la camiseta de regalo. Los pod\u00e9s ver en nuestro canal de YouTube.<\/p>\n","protected":false},"author":2,"featured_media":814,"parent":0,"menu_order":0,"comment_status":"closed","ping_status":"closed","template":"","meta":{"footnotes":""},"class_list":["post-503","page","type-page","status-publish","has-post-thumbnail","hentry"],"aioseo_notices":[],"_links":{"self":[{"href":"https:\/\/www.tusidolos.com\/index.php?rest_route=\/wp\/v2\/pages\/503","targetHints":{"allow":["GET"]}}],"collection":[{"href":"https:\/\/www.tusidolos.com\/index.php?rest_route=\/wp\/v2\/pages"}],"about":[{"href":"https:\/\/www.tusidolos.com\/index.php?rest_route=\/wp\/v2\/types\/page"}],"author":[{"embeddable":true,"href":"https:\/\/www.tusidolos.com\/index.php?rest_route=\/wp\/v2\/users\/2"}],"replies":[{"embeddable":true,"href":"https:\/\/www.tusidolos.com\/index.php?rest_route=%2Fwp%2Fv2%2Fcomments&post=503"}],"version-history":[{"count":5,"href":"https:\/\/www.tusidolos.com\/index.php?rest_route=\/wp\/v2\/pages\/503\/revisions"}],"predecessor-version":[{"id":1294,"href":"https:\/\/www.tusidolos.com\/index.php?rest_route=\/wp\/v2\/pages\/503\/revisions\/1294"}],"wp:featuredmedia":[{"embeddable":true,"href":"https:\/\/www.tusidolos.com\/index.php?rest_route=\/wp\/v2\/media\/814"}],"wp:attachment":[{"href":"https:\/\/www.tusidolos.com\/index.php?rest_route=%2Fwp%2Fv2%2Fmedia&parent=503"}],"curies":[{"name":"wp","href":"https:\/\/api.w.org\/{rel}","templated":true}]}}