{"id":767,"date":"2017-02-18T23:01:59","date_gmt":"2017-02-18T23:01:59","guid":{"rendered":"http:\/\/www.urion.com.ar\/ti17\/?page_id=767"},"modified":"2019-04-08T11:20:45","modified_gmt":"2019-04-08T14:20:45","slug":"%e2%81%a0%e2%81%a0%e2%81%a0clinicas-y-charlas","status":"publish","type":"page","link":"https:\/\/www.tusidolos.com\/?page_id=767","title":{"rendered":"\u2060\u2060\u2060Cl\u00ednicas y Charlas"},"content":{"rendered":"<p>Tus Idolos ofrece distintos tipos de cl\u00ednicas deportivas especializadas y charlas motivacionales, de trabajo en equipo y liderazgo desde hace a\u00f1os.<\/p>\n<p><span style=\"color: #ffcc00;\"><strong>LAS CLINICAS<\/strong><\/span><\/p>\n<p>Cl\u00ednicas de ex jugadores de Boca y de River.<br \/>\nCl\u00ednicas de las glorias del f\u00fatbol argentino.<br \/>\nCl\u00ednica de arqueros con el Pato Fillol.<br \/>\nCl\u00ednica de\u00a0<a href=\"https:\/\/www.youtube.com\/watch?v=P39iaqPdrUw\" target=\"_blank\" rel=\"noopener\">Arqueros con Navarro Montoya<\/a><br \/>\nCl\u00ednica de arqueros y penales con Goycochea.<br \/>\n<a href=\"https:\/\/wp.me\/p8pYKB-ib\">Cl\u00ednica de b\u00e1squet con Julio Lamas.<\/a><br \/>\nCl\u00ednica de hockey con Las Leonas.<br \/>\nCl\u00ednica de rugby con Los Pumas.<br \/>\nCl\u00ednica de nataci\u00f3n con Jos\u00e9 Meolans.<br \/>\nCl\u00ednica de atletismo con Carlos Gats.<\/p>\n<p><strong><span style=\"color: #ffcc00;\">CHARLAS DE MOTIVACION, LIDERAZGO Y TRABAJO EN EQUIPO<\/span><\/strong><\/p>\n<p><a href=\"https:\/\/www.youtube.com\/watch?v=3n25weLSlNA\" target=\"_blank\" rel=\"noopener\">Alejandro Sabella<\/a><br \/>\nJorge Sampaoli<br \/>\nGustavo Quinteros<br \/>\nJuan Antonio Pizzi<br \/>\n<a href=\"https:\/\/www.youtube.com\/watch?v=SzwGJzY--c0\" target=\"_blank\" rel=\"noopener\">Mart\u00edn Palermo<br \/>\n<\/a>Sebasti\u00e1n Battaglia<br \/>\nChicho Serna<br \/>\nEnzo Francescoli<br \/>\n<a href=\"https:\/\/wp.me\/p8pYKB-jv\">Oscar Ruggeri<\/a><br \/>\nBambino Veira<br \/>\n<a href=\"https:\/\/wp.me\/P8pYKB-7Z\">Ricardo Caruso Lombardi<\/a><br \/>\n<a href=\"https:\/\/www.youtube.com\/watch?v=PLF0smJftVo\" target=\"_blank\" rel=\"noopener\">Julio Lamas<\/a><br \/>\nJavier Weber<br \/>\n<a href=\"https:\/\/www.youtube.com\/watch?v=W1XQA-CKz6U\" target=\"_blank\" rel=\"noopener\">Cachito Vigil<\/a><br \/>\nGuillermo Vilas<br \/>\n<a href=\"https:\/\/wp.me\/p8pYKB-iu\">Marcos Di Palma<\/a><br \/>\nEsteban Tuero<\/p>\n<p>&nbsp;<\/p>\n<p><span style=\"color: #ffcc00;\"><strong>CONDUCCION DE EVENTOS<\/strong><\/span><\/p>\n<p>Gonzalo Bonadeo<br \/>\nAlejandro Fantino<br \/>\n<a href=\"https:\/\/wp.me\/p8pYKB-y\">Juan Pablo Varsky<\/a><br \/>\nSebasti\u00e1n Vignolo<br \/>\nRifle Varela<br \/>\n<a href=\"https:\/\/youtu.be\/jq2jQ92a7nk\" target=\"_blank\" rel=\"noopener\">Osvaldo Pr\u00edncipi<\/a><br \/>\nSergio Lapeg\u00fce<br \/>\n<a href=\"https:\/\/wp.me\/p8pYKB-eX\">Osvaldo Pr\u00edncipi<\/a><br \/>\nJuanky Jurado<br \/>\n<a href=\"https:\/\/wp.me\/p8pYKB-jI\">Sergio Goycochea<\/a><br \/>\nLeo Farinella<br \/>\nRoberto Leto<\/p>\n","protected":false},"excerpt":{"rendered":"<p>Tus Idolos ofrece distintos tipos de cl\u00ednicas deportivas especializadas y charlas motivacionales, de trabajo en equipo y liderazgo desde hace a\u00f1os. LAS CLINICAS Cl\u00ednicas de ex jugadores de Boca y de River. Cl\u00ednicas de las glorias del f\u00fatbol argentino. Cl\u00ednica de arqueros con el Pato Fillol. Cl\u00ednica de\u00a0Arqueros con Navarro<\/p>\n","protected":false},"author":1,"featured_media":0,"parent":0,"menu_order":0,"comment_status":"closed","ping_status":"closed","template":"","meta":{"footnotes":""},"class_list":["post-767","page","type-page","status-publish","hentry"],"aioseo_notices":[],"_links":{"self":[{"href":"https:\/\/www.tusidolos.com\/index.php?rest_route=\/wp\/v2\/pages\/767","targetHints":{"allow":["GET"]}}],"collection":[{"href":"https:\/\/www.tusidolos.com\/index.php?rest_route=\/wp\/v2\/pages"}],"about":[{"href":"https:\/\/www.tusidolos.com\/index.php?rest_route=\/wp\/v2\/types\/page"}],"author":[{"embeddable":true,"href":"https:\/\/www.tusidolos.com\/index.php?rest_route=\/wp\/v2\/users\/1"}],"replies":[{"embeddable":true,"href":"https:\/\/www.tusidolos.com\/index.php?rest_route=%2Fwp%2Fv2%2Fcomments&post=767"}],"version-history":[{"count":17,"href":"https:\/\/www.tusidolos.com\/index.php?rest_route=\/wp\/v2\/pages\/767\/revisions"}],"predecessor-version":[{"id":1288,"href":"https:\/\/www.tusidolos.com\/index.php?rest_route=\/wp\/v2\/pages\/767\/revisions\/1288"}],"wp:attachment":[{"href":"https:\/\/www.tusidolos.com\/index.php?rest_route=%2Fwp%2Fv2%2Fmedia&parent=767"}],"curies":[{"name":"wp","href":"https:\/\/api.w.org\/{rel}","templated":true}]}}