{"id":773,"date":"2017-02-18T23:04:50","date_gmt":"2017-02-18T23:04:50","guid":{"rendered":"http:\/\/www.urion.com.ar\/ti17\/?page_id=773"},"modified":"2017-02-20T16:28:14","modified_gmt":"2017-02-20T16:28:14","slug":"regalos-y-videos","status":"publish","type":"page","link":"https:\/\/www.tusidolos.com\/?page_id=773","title":{"rendered":"Regalos y Videos"},"content":{"rendered":"<p>Mensaje de Tus Idolos preferidos en video. Saludos para cumplea\u00f1os, casamientos y otras celebraciones.<\/p>\n<p>Nuestros videos son muy personalizados, en los que los \u00eddolos le hablan directamente a la persona agasajada. Quien contrata el servicio nos cuenta detalles puntuales sobre el fanatismo y la vida de quien ser\u00e1 el centro de la celebraci\u00f3n, nosotros se lo trasladamos a los deportistas y ellos le hablan al agasajado como si lo conocieran, lo felicitan, le dan consejos y hasta recuerdan alguna an\u00e9cdota sobre el fanatismo.<\/p>\n<p>Pueden ser videos de un solo \u00eddolo o de todo un plantel. Boca, River, Racing, Independiente, San Lorenzo y todos los otros clubes. De \u00eddolos actuales y de todos los tiempos. Tambi\u00e9n de las selecciones de b\u00e1squet, v\u00f3ley, Las Leonas.<\/p>\n<h3><\/h3>\n<p><iframe loading=\"lazy\" src=\"https:\/\/www.youtube.com\/embed\/ODS9h5RcH8A\" width=\"853\" height=\"480\" frameborder=\"0\" allowfullscreen=\"allowfullscreen\"><\/iframe><\/p>\n<p>Pod\u00e9s ver todos los videos para cumplea\u00f1os y casamientos en nuestro canal exclusivo de YouTube:<\/p>\n<p><a href=\"https:\/\/www.youtube.com\/user\/tusidolos\">https:\/\/www.youtube.com\/user\/tusidolos<\/a><\/p>\n<p>&nbsp;<\/p>\n","protected":false},"excerpt":{"rendered":"<p>Mensaje de Tus Idolos preferidos en video. Saludos para cumplea\u00f1os, casamientos y otras celebraciones. Nuestros videos son muy personalizados, en los que los \u00eddolos le hablan directamente a la persona agasajada. Quien contrata el servicio nos cuenta detalles puntuales sobre el fanatismo y la vida de quien ser\u00e1 el centro<\/p>\n","protected":false},"author":1,"featured_media":0,"parent":0,"menu_order":0,"comment_status":"closed","ping_status":"closed","template":"","meta":{"footnotes":""},"class_list":["post-773","page","type-page","status-publish","hentry"],"aioseo_notices":[],"_links":{"self":[{"href":"https:\/\/www.tusidolos.com\/index.php?rest_route=\/wp\/v2\/pages\/773","targetHints":{"allow":["GET"]}}],"collection":[{"href":"https:\/\/www.tusidolos.com\/index.php?rest_route=\/wp\/v2\/pages"}],"about":[{"href":"https:\/\/www.tusidolos.com\/index.php?rest_route=\/wp\/v2\/types\/page"}],"author":[{"embeddable":true,"href":"https:\/\/www.tusidolos.com\/index.php?rest_route=\/wp\/v2\/users\/1"}],"replies":[{"embeddable":true,"href":"https:\/\/www.tusidolos.com\/index.php?rest_route=%2Fwp%2Fv2%2Fcomments&post=773"}],"version-history":[{"count":13,"href":"https:\/\/www.tusidolos.com\/index.php?rest_route=\/wp\/v2\/pages\/773\/revisions"}],"predecessor-version":[{"id":898,"href":"https:\/\/www.tusidolos.com\/index.php?rest_route=\/wp\/v2\/pages\/773\/revisions\/898"}],"wp:attachment":[{"href":"https:\/\/www.tusidolos.com\/index.php?rest_route=%2Fwp%2Fv2%2Fmedia&parent=773"}],"curies":[{"name":"wp","href":"https:\/\/api.w.org\/{rel}","templated":true}]}}